{"id":12116,"date":"2023-12-22T12:25:55","date_gmt":"2023-12-22T12:25:55","guid":{"rendered":"https:\/\/wiki.itripcomputer.com\/salvataggio-della-pagina-su-dispositivi-mobili\/"},"modified":"2025-09-06T14:11:04","modified_gmt":"2025-09-06T14:11:04","slug":"salvataggio-della-pagina-su-dispositivi-mobili","status":"publish","type":"page","link":"https:\/\/wiki.itripcomputer.com\/it\/salvataggio-della-pagina-su-dispositivi-mobili\/","title":{"rendered":"Salvataggio della pagina su dispositivi mobili"},"content":{"rendered":"\n<h2 class=\"wp-block-heading\" style=\"font-size:17px\">La pagina web che stai visualizzando pu\u00f2 essere scaricata sul tuo tablet o cellulare per essere visualizzata offline in un secondo momento.<br\/>Puoi utilizzare le funzioni integrate del browser.<br\/><br\/>Ecco le istruzioni per farlo:<\/h2>\n\n<p><\/p>\n\n<h3 class=\"wp-block-heading has-luminous-vivid-amber-color has-text-color has-link-color has-medium-font-size wp-elements-35f8ce29f5936735a8f38aff9fa7dc6c\" style=\"font-style:normal;font-weight:600\"><strong>Nel browser Google Chrome (Android\/iOS)<\/strong><\/h3>\n\n<p><strong>Aprire la pagina:<\/strong> Avvia Chrome e naviga fino alla pagina che vuoi salvare.<\/p>\n\n<p><strong>Menu delle opzioni:<\/strong> Clicca sui tre puntini in alto a destra per aprire il menu delle opzioni.<\/p>\n\n<p><strong>Salva la pagina offline<\/strong>: seleziona &#8220;Salva la pagina offline&#8221; o &#8220;Scarica la pagina per dopo&#8221; (il nome dell&#8217;opzione pu\u00f2 variare a seconda della versione del browser).<\/p>\n\n<p><strong>Accesso alle pagine salvate:<\/strong> per accedere alle pagine salvate, apri il menu di Chrome e seleziona &#8220;Download&#8221;. Qui troverai tutte le pagine che hai salvato per la visualizzazione offline. <\/p>\n\n<h3 class=\"wp-block-heading has-luminous-vivid-amber-color has-text-color has-link-color has-medium-font-size wp-elements-43be6057dd43840239f4ea79fad6753a\" style=\"font-style:normal;font-weight:600\"><strong>In Safari (iOS)<\/strong><\/h3>\n\n<p><strong>Aprire la pagina:<\/strong> Avvia Safari e naviga fino alla pagina che vuoi salvare.<\/p>\n\n<p><strong>Condividi la pagina:<\/strong> Clicca sull&#8217;icona di condivisione (rettangolo con freccia in alto).<\/p>\n\n<p><strong>Aggiungi all&#8217;elenco di lettura:<\/strong> Seleziona &#8220;Aggiungi all&#8217;elenco di lettura&#8221;. Safari salver\u00e0 la pagina in modo da poterla consultare offline. <\/p>\n\n<p><strong>Accedere all&#8217;elenco di lettura:<\/strong> Per accedere alle pagine salvate, apri &#8220;Segnalibri&#8221; e poi seleziona &#8220;Elenco di lettura&#8221;.<\/p>\n\n<h3 class=\"wp-block-heading has-luminous-vivid-amber-color has-text-color has-link-color has-medium-font-size wp-elements-74037d7018eac9376db0160ffe06f30f\" style=\"font-style:normal;font-weight:600\"><strong>Nel browser Firefox (Android\/iOS)<\/strong><\/h3>\n\n<p><strong>Aprire la pagina:<\/strong> Avvia Firefox e naviga fino alla pagina che vuoi salvare.<\/p>\n\n<p><strong>Menu delle opzioni:<\/strong> Clicca sui tre puntini in alto a destra per aprire il menu delle opzioni.<\/p>\n\n<p><strong>Salva come PDF:<\/strong> Seleziona &#8220;Salva come PDF&#8221; per salvare la pagina come file PDF, che potrai visualizzare in seguito offline.<\/p>\n\n<p><strong>Accesso ai file PDF salvati:<\/strong> Puoi trovare i file PDF salvati nella cartella di download locale o nell&#8217;applicazione di gestione dei file.<\/p>\n\n<h2 class=\"wp-block-heading has-luminous-vivid-amber-color has-text-color has-link-color has-medium-font-size wp-elements-f6ad895fd635818c128a2842add454f1\"><strong>Passare alla modalit\u00e0 offline<\/strong><\/h2>\n\n<p><strong>Controlla la barra di stato:<\/strong> Assicurati che la barra di stato (di solito nella parte superiore dello schermo) mostri che sei offline. Se sei online, passa alla modalit\u00e0 aereo o disattiva i dati mobili e il Wi-Fi per andare offline. <\/p>\n\n<p><strong>Salva la pagina:<\/strong> Quando sei offline, apri il tuo browser, naviga fino alla pagina desiderata e salvala per visualizzarla in seguito come indicato dal tuo browser (ad esempio Chrome, Safari, Firefox).<\/p>\n\n<p><strong>Accedi alla pagina salvata: <\/strong>Apri la pagina salvata nel tuo browser. La pagina dovrebbe essere accessibile anche senza una connessione a Internet. <\/p>\n\n<h2 class=\"wp-block-heading has-luminous-vivid-amber-color has-text-color has-link-color has-medium-font-size wp-elements-635e916e83bb81bc94606073ed68fb0f\"><strong>Torna alla modalit\u00e0 online<\/strong><\/h2>\n\n<p><strong>Attiva i dati\/Wi-Fi: <\/strong>per tornare alla modalit\u00e0 online, attiva nuovamente i dati mobili o il Wi-Fi.<\/p>\n\n<p><strong>Controlla la barra di stato:<\/strong> La barra di stato dovrebbe indicare che la connessione a Internet \u00e8 stata ripristinata.<\/p>\n\n<p><strong>Aggiorna la pagina: <\/strong>Ora puoi aggiornare una pagina precedentemente salvata per accedere all&#8217;ultima versione online.<\/p>\n\n<p>Questa guida ti spiega come gestire i salvataggi e la navigazione offline e come tornare alla modalit\u00e0 online. Questo \u00e8 particolarmente utile in situazioni in cui l&#8217;accesso a internet \u00e8 limitato o instabile. <\/p>\n","protected":false},"excerpt":{"rendered":"<p>La pagina web che stai visualizzando pu\u00f2 essere scaricata sul tuo tablet o cellulare per essere visualizzata offline in un secondo momento.Puoi utilizzare le funzioni integrate del browser. Ecco le istruzioni per farlo: Nel browser Google Chrome (Android\/iOS) Aprire la pagina: Avvia Chrome e naviga fino alla pagina che vuoi salvare. Menu delle opzioni: Clicca [&hellip;]<\/p>\n","protected":false},"author":6,"featured_media":0,"parent":0,"menu_order":0,"comment_status":"closed","ping_status":"closed","template":"","meta":{"_uag_custom_page_level_css":"","site-sidebar-layout":"default","site-content-layout":"","ast-site-content-layout":"default","site-content-style":"default","site-sidebar-style":"default","ast-global-header-display":"","ast-banner-title-visibility":"","ast-main-header-display":"","ast-hfb-above-header-display":"","ast-hfb-below-header-display":"","ast-hfb-mobile-header-display":"","site-post-title":"","ast-breadcrumbs-content":"","ast-featured-img":"","footer-sml-layout":"","ast-disable-related-posts":"","theme-transparent-header-meta":"","adv-header-id-meta":"","stick-header-meta":"","header-above-stick-meta":"","header-main-stick-meta":"","header-below-stick-meta":"","astra-migrate-meta-layouts":"default","ast-page-background-enabled":"default","ast-page-background-meta":{"desktop":{"background-color":"var(--ast-global-color-4)","background-image":"","background-repeat":"repeat","background-position":"center center","background-size":"auto","background-attachment":"scroll","background-type":"","background-media":"","overlay-type":"","overlay-color":"","overlay-opacity":"","overlay-gradient":""},"tablet":{"background-color":"","background-image":"","background-repeat":"repeat","background-position":"center center","background-size":"auto","background-attachment":"scroll","background-type":"","background-media":"","overlay-type":"","overlay-color":"","overlay-opacity":"","overlay-gradient":""},"mobile":{"background-color":"","background-image":"","background-repeat":"repeat","background-position":"center center","background-size":"auto","background-attachment":"scroll","background-type":"","background-media":"","overlay-type":"","overlay-color":"","overlay-opacity":"","overlay-gradient":""}},"ast-content-background-meta":{"desktop":{"background-color":"var(--ast-global-color-5)","background-image":"","background-repeat":"repeat","background-position":"center center","background-size":"auto","background-attachment":"scroll","background-type":"","background-media":"","overlay-type":"","overlay-color":"","overlay-opacity":"","overlay-gradient":""},"tablet":{"background-color":"var(--ast-global-color-5)","background-image":"","background-repeat":"repeat","background-position":"center center","background-size":"auto","background-attachment":"scroll","background-type":"","background-media":"","overlay-type":"","overlay-color":"","overlay-opacity":"","overlay-gradient":""},"mobile":{"background-color":"var(--ast-global-color-5)","background-image":"","background-repeat":"repeat","background-position":"center center","background-size":"auto","background-attachment":"scroll","background-type":"","background-media":"","overlay-type":"","overlay-color":"","overlay-opacity":"","overlay-gradient":""}},"footnotes":""},"categories":[],"tags":[],"class_list":["post-12116","page","type-page","status-publish","hentry"],"uagb_featured_image_src":{"full":false,"thumbnail":false,"medium":false,"medium_large":false,"large":false,"1536x1536":false,"2048x2048":false},"uagb_author_info":{"display_name":"admin","author_link":"https:\/\/wiki.itripcomputer.com\/it\/author\/admin\/"},"uagb_comment_info":0,"uagb_excerpt":"La pagina web che stai visualizzando pu\u00f2 essere scaricata sul tuo tablet o cellulare per essere visualizzata offline in un secondo momento.Puoi utilizzare le funzioni integrate del browser. Ecco le istruzioni per farlo: Nel browser Google Chrome (Android\/iOS) Aprire la pagina: Avvia Chrome e naviga fino alla pagina che vuoi salvare. Menu delle opzioni: Clicca...","_links":{"self":[{"href":"https:\/\/wiki.itripcomputer.com\/it\/wp-json\/wp\/v2\/pages\/12116","targetHints":{"allow":["GET"]}}],"collection":[{"href":"https:\/\/wiki.itripcomputer.com\/it\/wp-json\/wp\/v2\/pages"}],"about":[{"href":"https:\/\/wiki.itripcomputer.com\/it\/wp-json\/wp\/v2\/types\/page"}],"author":[{"embeddable":true,"href":"https:\/\/wiki.itripcomputer.com\/it\/wp-json\/wp\/v2\/users\/6"}],"replies":[{"embeddable":true,"href":"https:\/\/wiki.itripcomputer.com\/it\/wp-json\/wp\/v2\/comments?post=12116"}],"version-history":[{"count":1,"href":"https:\/\/wiki.itripcomputer.com\/it\/wp-json\/wp\/v2\/pages\/12116\/revisions"}],"predecessor-version":[{"id":12118,"href":"https:\/\/wiki.itripcomputer.com\/it\/wp-json\/wp\/v2\/pages\/12116\/revisions\/12118"}],"wp:attachment":[{"href":"https:\/\/wiki.itripcomputer.com\/it\/wp-json\/wp\/v2\/media?parent=12116"}],"wp:term":[{"taxonomy":"category","embeddable":true,"href":"https:\/\/wiki.itripcomputer.com\/it\/wp-json\/wp\/v2\/categories?post=12116"},{"taxonomy":"post_tag","embeddable":true,"href":"https:\/\/wiki.itripcomputer.com\/it\/wp-json\/wp\/v2\/tags?post=12116"}],"curies":[{"name":"wp","href":"https:\/\/api.w.org\/{rel}","templated":true}]}}