{"id":12120,"date":"2023-12-22T12:25:55","date_gmt":"2023-12-22T12:25:55","guid":{"rendered":"https:\/\/wiki.itripcomputer.com\/sauvegarde-de-la-page-sur-les-appareils-mobiles\/"},"modified":"2025-09-06T14:11:04","modified_gmt":"2025-09-06T14:11:04","slug":"sauvegarde-de-la-page-sur-les-appareils-mobiles","status":"publish","type":"page","link":"https:\/\/wiki.itripcomputer.com\/fr\/sauvegarde-de-la-page-sur-les-appareils-mobiles\/","title":{"rendered":"Sauvegarde de la page sur les appareils mobiles"},"content":{"rendered":"\n<h2 class=\"wp-block-heading\" style=\"font-size:17px\">La page web que vous consultez peut \u00eatre t\u00e9l\u00e9charg\u00e9e sur votre tablette ou votre t\u00e9l\u00e9phone portable pour une consultation hors ligne ult\u00e9rieure.<br\/>Vous pouvez utiliser les fonctions int\u00e9gr\u00e9es du navigateur.<br\/><br\/>Vous trouverez ci-dessous des instructions \u00e0 ce sujet :<\/h2>\n\n<p><\/p>\n\n<h3 class=\"wp-block-heading has-luminous-vivid-amber-color has-text-color has-link-color has-medium-font-size wp-elements-ca458edf4bf37061524f9869bd4175ad\" style=\"font-style:normal;font-weight:600\"><strong>Dans le navigateur Google Chrome (Android\/iOS)<\/strong><\/h3>\n\n<p><strong>Ouvrir la page :<\/strong> Lancez Chrome et acc\u00e9dez \u00e0 la page que vous souhaitez enregistrer.<\/p>\n\n<p><strong>Menu des options :<\/strong> Cliquez sur les trois points dans le coin sup\u00e9rieur droit pour ouvrir le menu des options.<\/p>\n\n<p><strong>Enregistrer la page hors ligne<\/strong>: s\u00e9lectionnez \u00ab\u00a0Enregistrer la page hors ligne\u00a0\u00bb ou \u00ab\u00a0T\u00e9l\u00e9charger la page pour plus tard\u00a0\u00bb (le nom de l&rsquo;option peut varier en fonction de la version du navigateur).<\/p>\n\n<p><strong>Acc\u00e9der aux pages sauvegard\u00e9es :<\/strong> Pour acc\u00e9der \u00e0 vos pages sauvegard\u00e9es, ouvrez le menu Chrome et s\u00e9lectionnez \u00ab\u00a0T\u00e9l\u00e9chargements\u00a0\u00bb. Vous y trouverez toutes les pages que vous avez enregistr\u00e9es pour une consultation hors ligne. <\/p>\n\n<h3 class=\"wp-block-heading has-luminous-vivid-amber-color has-text-color has-link-color has-medium-font-size wp-elements-bf8a3f53bd348317a847269bab2dcb7e\" style=\"font-style:normal;font-weight:600\"><strong>Dans Safari (iOS)<\/strong><\/h3>\n\n<p><strong>Ouvrir la page :<\/strong> Lancez Safari et acc\u00e9dez \u00e0 la page que vous souhaitez enregistrer.<\/p>\n\n<p><strong>Partager la page :<\/strong> Cliquez sur l&rsquo;ic\u00f4ne de partage (rectangle avec une fl\u00e8che en haut).<\/p>\n\n<p><strong>Ajouter \u00e0 la liste de lecture :<\/strong> S\u00e9lectionnez \u00ab\u00a0Ajouter \u00e0 la liste de lecture\u00a0\u00bb. Safari enregistre la page pour qu&rsquo;elle puisse \u00eatre consult\u00e9e hors ligne. <\/p>\n\n<p><strong>Acc\u00e8s \u00e0 la liste de lecture :<\/strong> Pour acc\u00e9der aux pages enregistr\u00e9es, ouvrez \u00ab\u00a0Signets\u00a0\u00bb, puis s\u00e9lectionnez \u00ab\u00a0Liste de lecture\u00a0\u00bb.<\/p>\n\n<h3 class=\"wp-block-heading has-luminous-vivid-amber-color has-text-color has-link-color has-medium-font-size wp-elements-27fc04afd80be1d3ed184554721658c2\" style=\"font-style:normal;font-weight:600\"><strong>Dans le navigateur Firefox (Android\/iOS)<\/strong><\/h3>\n\n<p><strong>Ouvrir la page :<\/strong> Lancez Firefox et naviguez jusqu&rsquo;\u00e0 la page que vous souhaitez enregistrer.<\/p>\n\n<p><strong>Menu des options :<\/strong> Cliquez sur les trois points dans le coin sup\u00e9rieur droit pour ouvrir le menu des options.<\/p>\n\n<p><strong>Enregistrer au format PDF :<\/strong> S\u00e9lectionnez \u00ab\u00a0Enregistrer au format PDF\u00a0\u00bb pour enregistrer la page au format PDF, que vous pourrez consulter ult\u00e9rieurement hors ligne.<\/p>\n\n<p><strong>Acc\u00e8s aux fichiers PDF enregistr\u00e9s :<\/strong> Vous trouverez les fichiers PDF enregistr\u00e9s dans votre dossier de t\u00e9l\u00e9chargement local ou dans votre application de gestion de fichiers.<\/p>\n\n<h2 class=\"wp-block-heading has-luminous-vivid-amber-color has-text-color has-link-color has-medium-font-size wp-elements-d9e0cccb3bca62ee5acb9f3e8229022d\"><strong>Passer en mode hors connexion<\/strong><\/h2>\n\n<p><strong>V\u00e9rifiez la barre d&rsquo;\u00e9tat :<\/strong> Assurez-vous que la barre d&rsquo;\u00e9tat (g\u00e9n\u00e9ralement en haut de l&rsquo;\u00e9cran) indique que vous \u00eates hors ligne. Si vous \u00eates en ligne, passez en mode vol ou d\u00e9sactivez les donn\u00e9es mobiles et le Wi-Fi pour vous d\u00e9connecter. <\/p>\n\n<p><strong>Sauvegarder la page :<\/strong> Lorsque vous n&rsquo;\u00eates pas en ligne, ouvrez votre navigateur, acc\u00e9dez \u00e0 la page souhait\u00e9e et enregistrez-la pour la consulter ult\u00e9rieurement, conform\u00e9ment aux instructions de votre navigateur (par exemple, Chrome, Safari, Firefox).<\/p>\n\n<p><strong>Acc\u00e9der \u00e0 la page sauvegard\u00e9e : <\/strong>Ouvrez la page sauvegard\u00e9e dans votre navigateur. La page devrait \u00eatre accessible m\u00eame sans connexion Internet. <\/p>\n\n<h2 class=\"wp-block-heading has-luminous-vivid-amber-color has-text-color has-link-color has-medium-font-size wp-elements-77c8c3969d20856bead721fc686dd8ae\"><strong>Retour au mode en ligne<\/strong><\/h2>\n\n<p>Activer <strong>les donn\u00e9es\/le Wi-Fi : <\/strong>Pour revenir au mode en ligne, activez \u00e0 nouveau les donn\u00e9es mobiles ou le Wi-Fi.<\/p>\n\n<p><strong>V\u00e9rifiez la barre d&rsquo;\u00e9tat :<\/strong> La barre d&rsquo;\u00e9tat doit indiquer que la connexion internet a \u00e9t\u00e9 r\u00e9tablie.<\/p>\n\n<p><strong>Actualiser la page : <\/strong>Vous pouvez d\u00e9sormais actualiser une page pr\u00e9c\u00e9demment sauvegard\u00e9e pour acc\u00e9der \u00e0 la derni\u00e8re version en ligne.<\/p>\n\n<p>Ce guide vous montre comment g\u00e9rer l&rsquo;enregistrement et la navigation hors ligne, et comment revenir au mode en ligne. Cette fonction est particuli\u00e8rement utile dans les situations o\u00f9 l&rsquo;acc\u00e8s \u00e0 Internet est limit\u00e9 ou instable. <\/p>\n","protected":false},"excerpt":{"rendered":"<p>La page web que vous consultez peut \u00eatre t\u00e9l\u00e9charg\u00e9e sur votre tablette ou votre t\u00e9l\u00e9phone portable pour une consultation hors ligne ult\u00e9rieure.Vous pouvez utiliser les fonctions int\u00e9gr\u00e9es du navigateur. Vous trouverez ci-dessous des instructions \u00e0 ce sujet : Dans le navigateur Google Chrome (Android\/iOS) Ouvrir la page : Lancez Chrome et acc\u00e9dez \u00e0 la page [&hellip;]<\/p>\n","protected":false},"author":6,"featured_media":0,"parent":0,"menu_order":0,"comment_status":"closed","ping_status":"closed","template":"","meta":{"_uag_custom_page_level_css":"","site-sidebar-layout":"default","site-content-layout":"","ast-site-content-layout":"default","site-content-style":"default","site-sidebar-style":"default","ast-global-header-display":"","ast-banner-title-visibility":"","ast-main-header-display":"","ast-hfb-above-header-display":"","ast-hfb-below-header-display":"","ast-hfb-mobile-header-display":"","site-post-title":"","ast-breadcrumbs-content":"","ast-featured-img":"","footer-sml-layout":"","ast-disable-related-posts":"","theme-transparent-header-meta":"","adv-header-id-meta":"","stick-header-meta":"","header-above-stick-meta":"","header-main-stick-meta":"","header-below-stick-meta":"","astra-migrate-meta-layouts":"default","ast-page-background-enabled":"default","ast-page-background-meta":{"desktop":{"background-color":"var(--ast-global-color-4)","background-image":"","background-repeat":"repeat","background-position":"center center","background-size":"auto","background-attachment":"scroll","background-type":"","background-media":"","overlay-type":"","overlay-color":"","overlay-opacity":"","overlay-gradient":""},"tablet":{"background-color":"","background-image":"","background-repeat":"repeat","background-position":"center center","background-size":"auto","background-attachment":"scroll","background-type":"","background-media":"","overlay-type":"","overlay-color":"","overlay-opacity":"","overlay-gradient":""},"mobile":{"background-color":"","background-image":"","background-repeat":"repeat","background-position":"center center","background-size":"auto","background-attachment":"scroll","background-type":"","background-media":"","overlay-type":"","overlay-color":"","overlay-opacity":"","overlay-gradient":""}},"ast-content-background-meta":{"desktop":{"background-color":"var(--ast-global-color-5)","background-image":"","background-repeat":"repeat","background-position":"center center","background-size":"auto","background-attachment":"scroll","background-type":"","background-media":"","overlay-type":"","overlay-color":"","overlay-opacity":"","overlay-gradient":""},"tablet":{"background-color":"var(--ast-global-color-5)","background-image":"","background-repeat":"repeat","background-position":"center center","background-size":"auto","background-attachment":"scroll","background-type":"","background-media":"","overlay-type":"","overlay-color":"","overlay-opacity":"","overlay-gradient":""},"mobile":{"background-color":"var(--ast-global-color-5)","background-image":"","background-repeat":"repeat","background-position":"center center","background-size":"auto","background-attachment":"scroll","background-type":"","background-media":"","overlay-type":"","overlay-color":"","overlay-opacity":"","overlay-gradient":""}},"footnotes":""},"categories":[],"tags":[],"class_list":["post-12120","page","type-page","status-publish","hentry"],"uagb_featured_image_src":{"full":false,"thumbnail":false,"medium":false,"medium_large":false,"large":false,"1536x1536":false,"2048x2048":false},"uagb_author_info":{"display_name":"admin","author_link":"https:\/\/wiki.itripcomputer.com\/fr\/author\/admin\/"},"uagb_comment_info":0,"uagb_excerpt":"La page web que vous consultez peut \u00eatre t\u00e9l\u00e9charg\u00e9e sur votre tablette ou votre t\u00e9l\u00e9phone portable pour une consultation hors ligne ult\u00e9rieure.Vous pouvez utiliser les fonctions int\u00e9gr\u00e9es du navigateur. Vous trouverez ci-dessous des instructions \u00e0 ce sujet : Dans le navigateur Google Chrome (Android\/iOS) Ouvrir la page : Lancez Chrome et acc\u00e9dez \u00e0 la page...","_links":{"self":[{"href":"https:\/\/wiki.itripcomputer.com\/fr\/wp-json\/wp\/v2\/pages\/12120","targetHints":{"allow":["GET"]}}],"collection":[{"href":"https:\/\/wiki.itripcomputer.com\/fr\/wp-json\/wp\/v2\/pages"}],"about":[{"href":"https:\/\/wiki.itripcomputer.com\/fr\/wp-json\/wp\/v2\/types\/page"}],"author":[{"embeddable":true,"href":"https:\/\/wiki.itripcomputer.com\/fr\/wp-json\/wp\/v2\/users\/6"}],"replies":[{"embeddable":true,"href":"https:\/\/wiki.itripcomputer.com\/fr\/wp-json\/wp\/v2\/comments?post=12120"}],"version-history":[{"count":1,"href":"https:\/\/wiki.itripcomputer.com\/fr\/wp-json\/wp\/v2\/pages\/12120\/revisions"}],"predecessor-version":[{"id":12121,"href":"https:\/\/wiki.itripcomputer.com\/fr\/wp-json\/wp\/v2\/pages\/12120\/revisions\/12121"}],"wp:attachment":[{"href":"https:\/\/wiki.itripcomputer.com\/fr\/wp-json\/wp\/v2\/media?parent=12120"}],"wp:term":[{"taxonomy":"category","embeddable":true,"href":"https:\/\/wiki.itripcomputer.com\/fr\/wp-json\/wp\/v2\/categories?post=12120"},{"taxonomy":"post_tag","embeddable":true,"href":"https:\/\/wiki.itripcomputer.com\/fr\/wp-json\/wp\/v2\/tags?post=12120"}],"curies":[{"name":"wp","href":"https:\/\/api.w.org\/{rel}","templated":true}]}}