{"id":12104,"date":"2023-12-22T12:25:55","date_gmt":"2023-12-22T12:25:55","guid":{"rendered":"https:\/\/wiki.itripcomputer.com\/guardar-la-pagina-en-dispositivos-moviles\/"},"modified":"2025-09-06T14:11:03","modified_gmt":"2025-09-06T14:11:03","slug":"guardar-la-pagina-en-dispositivos-moviles","status":"publish","type":"page","link":"https:\/\/wiki.itripcomputer.com\/es\/guardar-la-pagina-en-dispositivos-moviles\/","title":{"rendered":"Guardar la p\u00e1gina en dispositivos m\u00f3viles"},"content":{"rendered":"\n<h2 class=\"wp-block-heading\" style=\"font-size:17px\">La p\u00e1gina web que est\u00e1s viendo puedes descargarla a tu tableta o tel\u00e9fono m\u00f3vil para verla m\u00e1s tarde sin conexi\u00f3n.<br\/>Puedes utilizar las funciones integradas del navegador.<br\/><br\/>Aqu\u00ed tienes instrucciones sobre c\u00f3mo hacerlo:<\/h2>\n\n<p><\/p>\n\n<h3 class=\"wp-block-heading has-luminous-vivid-amber-color has-text-color has-link-color has-medium-font-size wp-elements-e5616a26cd0801f910b9764853701184\" style=\"font-style:normal;font-weight:600\"><strong>En el navegador Google Chrome (Android\/iOS)<\/strong><\/h3>\n\n<p><strong>Abrir p\u00e1gina:<\/strong> Inicia Chrome y navega hasta la p\u00e1gina que quieras guardar.<\/p>\n\n<p><strong>Men\u00fa de opciones:<\/strong> Pulsa los tres puntos de la esquina superior derecha para abrir el men\u00fa de opciones.<\/p>\n\n<p><strong>Guardar p\u00e1gina sin conexi\u00f3n<\/strong>: Selecciona \u00abGuardar p\u00e1gina sin conexi\u00f3n\u00bb o \u00abDescargar p\u00e1gina para m\u00e1s tarde\u00bb (el nombre de la opci\u00f3n puede variar seg\u00fan la versi\u00f3n del navegador).<\/p>\n\n<p><strong>Acceder a p\u00e1ginas guardadas:<\/strong> Para acceder a tus p\u00e1ginas guardadas, abre el men\u00fa de Chrome y selecciona \u00abDescargas\u00bb. Aqu\u00ed encontrar\u00e1s todas las p\u00e1ginas que hayas guardado para verlas sin conexi\u00f3n. <\/p>\n\n<h3 class=\"wp-block-heading has-luminous-vivid-amber-color has-text-color has-link-color has-medium-font-size wp-elements-cfc29e8272e40d8b8d88757f2a1bc806\" style=\"font-style:normal;font-weight:600\"><strong>En Safari (iOS)<\/strong><\/h3>\n\n<p><strong>Abrir p\u00e1gina:<\/strong> Abre Safari y navega hasta la p\u00e1gina que quieras guardar.<\/p>\n\n<p><strong>Compartir p\u00e1gina:<\/strong> Haz clic en el icono de compartir (rect\u00e1ngulo con una flecha en la parte superior).<\/p>\n\n<p><strong>A\u00f1adir a la lista de lectura:<\/strong> Selecciona \u00abA\u00f1adir a la lista de lectura\u00bb. Safari guardar\u00e1 la p\u00e1gina para poder verla sin conexi\u00f3n. <\/p>\n\n<p><strong>Acceder a la Lista de lectura:<\/strong> Para acceder a las p\u00e1ginas guardadas, abre \u00abMarcadores\u00bb y luego selecciona \u00abLista de lectura\u00bb.<\/p>\n\n<h3 class=\"wp-block-heading has-luminous-vivid-amber-color has-text-color has-link-color has-medium-font-size wp-elements-4ea8920ebef6411e2d758d2b5c16e5da\" style=\"font-style:normal;font-weight:600\"><strong>En el navegador Firefox (Android\/iOS)<\/strong><\/h3>\n\n<p><strong>Abrir p\u00e1gina:<\/strong> Inicia Firefox y navega hasta la p\u00e1gina que quieras guardar.<\/p>\n\n<p><strong>Men\u00fa de opciones:<\/strong> Pulsa los tres puntos de la esquina superior derecha para abrir el men\u00fa de opciones.<\/p>\n\n<p><strong>Guardar como PDF:<\/strong> Selecciona \u00abGuardar como PDF\u00bb para guardar la p\u00e1gina como un archivo PDF, que podr\u00e1s ver m\u00e1s tarde sin conexi\u00f3n.<\/p>\n\n<p><strong>Acceder a archivos PDF guardados:<\/strong> Puedes encontrar archivos PDF guardados en tu carpeta de descargas local o en tu aplicaci\u00f3n de gesti\u00f3n de archivos.<\/p>\n\n<h2 class=\"wp-block-heading has-luminous-vivid-amber-color has-text-color has-link-color has-medium-font-size wp-elements-72650e1189de1d0c172a2893920418f8\"><strong>Cambiar al modo sin conexi\u00f3n<\/strong><\/h2>\n\n<p><strong>Comprueba la barra de estado:<\/strong> Aseg\u00farate de que la barra de estado (normalmente en la parte superior de la pantalla) muestra que est\u00e1s desconectado. Si est\u00e1s conectado, entra en modo avi\u00f3n o desactiva los datos m\u00f3viles y la Wi-Fi para desconectarte. <\/p>\n\n<p><strong>Guardar p\u00e1gina:<\/strong> Cuando est\u00e9s desconectado, abre tu navegador, navega hasta la p\u00e1gina deseada y gu\u00e1rdala para verla m\u00e1s tarde seg\u00fan las instrucciones de tu navegador (por ejemplo, Chrome, Safari, Firefox).<\/p>\n\n<p><strong>Accede a la p\u00e1gina guardada: <\/strong>Abre la p\u00e1gina guardada en tu navegador. La p\u00e1gina deber\u00eda ser accesible incluso sin conexi\u00f3n a Internet. <\/p>\n\n<h2 class=\"wp-block-heading has-luminous-vivid-amber-color has-text-color has-link-color has-medium-font-size wp-elements-07bf053d2ef65cf64a73bc136e8e6b98\"><strong>Volver al Modo Online<\/strong><\/h2>\n\n<p><strong>Activar Datos\/Wi-Fi: <\/strong>Para volver al modo online, activa de nuevo los datos m\u00f3viles o el Wi-Fi.<\/p>\n\n<p><strong>Comprueba la barra de estado:<\/strong> La barra de estado debe indicar que se ha restablecido la conexi\u00f3n a Internet.<\/p>\n\n<p><strong>Actualizar p\u00e1gina: <\/strong>Ahora puedes actualizar una p\u00e1gina previamente guardada para acceder a la \u00faltima versi\u00f3n en l\u00ednea.<\/p>\n\n<p>Esta gu\u00eda te muestra c\u00f3mo gestionar el guardado y la navegaci\u00f3n sin conexi\u00f3n, y c\u00f3mo volver al modo online. Esto es especialmente \u00fatil en situaciones en las que el acceso a Internet es limitado o inestable. <\/p>\n","protected":false},"excerpt":{"rendered":"<p>La p\u00e1gina web que est\u00e1s viendo puedes descargarla a tu tableta o tel\u00e9fono m\u00f3vil para verla m\u00e1s tarde sin conexi\u00f3n.Puedes utilizar las funciones integradas del navegador. Aqu\u00ed tienes instrucciones sobre c\u00f3mo hacerlo: En el navegador Google Chrome (Android\/iOS) Abrir p\u00e1gina: Inicia Chrome y navega hasta la p\u00e1gina que quieras guardar. Men\u00fa de opciones: Pulsa los [&hellip;]<\/p>\n","protected":false},"author":6,"featured_media":0,"parent":0,"menu_order":0,"comment_status":"closed","ping_status":"closed","template":"","meta":{"_uag_custom_page_level_css":"","site-sidebar-layout":"default","site-content-layout":"","ast-site-content-layout":"default","site-content-style":"default","site-sidebar-style":"default","ast-global-header-display":"","ast-banner-title-visibility":"","ast-main-header-display":"","ast-hfb-above-header-display":"","ast-hfb-below-header-display":"","ast-hfb-mobile-header-display":"","site-post-title":"","ast-breadcrumbs-content":"","ast-featured-img":"","footer-sml-layout":"","ast-disable-related-posts":"","theme-transparent-header-meta":"","adv-header-id-meta":"","stick-header-meta":"","header-above-stick-meta":"","header-main-stick-meta":"","header-below-stick-meta":"","astra-migrate-meta-layouts":"default","ast-page-background-enabled":"default","ast-page-background-meta":{"desktop":{"background-color":"var(--ast-global-color-4)","background-image":"","background-repeat":"repeat","background-position":"center center","background-size":"auto","background-attachment":"scroll","background-type":"","background-media":"","overlay-type":"","overlay-color":"","overlay-opacity":"","overlay-gradient":""},"tablet":{"background-color":"","background-image":"","background-repeat":"repeat","background-position":"center center","background-size":"auto","background-attachment":"scroll","background-type":"","background-media":"","overlay-type":"","overlay-color":"","overlay-opacity":"","overlay-gradient":""},"mobile":{"background-color":"","background-image":"","background-repeat":"repeat","background-position":"center center","background-size":"auto","background-attachment":"scroll","background-type":"","background-media":"","overlay-type":"","overlay-color":"","overlay-opacity":"","overlay-gradient":""}},"ast-content-background-meta":{"desktop":{"background-color":"var(--ast-global-color-5)","background-image":"","background-repeat":"repeat","background-position":"center center","background-size":"auto","background-attachment":"scroll","background-type":"","background-media":"","overlay-type":"","overlay-color":"","overlay-opacity":"","overlay-gradient":""},"tablet":{"background-color":"var(--ast-global-color-5)","background-image":"","background-repeat":"repeat","background-position":"center center","background-size":"auto","background-attachment":"scroll","background-type":"","background-media":"","overlay-type":"","overlay-color":"","overlay-opacity":"","overlay-gradient":""},"mobile":{"background-color":"var(--ast-global-color-5)","background-image":"","background-repeat":"repeat","background-position":"center center","background-size":"auto","background-attachment":"scroll","background-type":"","background-media":"","overlay-type":"","overlay-color":"","overlay-opacity":"","overlay-gradient":""}},"footnotes":""},"categories":[],"tags":[],"class_list":["post-12104","page","type-page","status-publish","hentry"],"uagb_featured_image_src":{"full":false,"thumbnail":false,"medium":false,"medium_large":false,"large":false,"1536x1536":false,"2048x2048":false},"uagb_author_info":{"display_name":"admin","author_link":"https:\/\/wiki.itripcomputer.com\/es\/author\/admin\/"},"uagb_comment_info":0,"uagb_excerpt":"La p\u00e1gina web que est\u00e1s viendo puedes descargarla a tu tableta o tel\u00e9fono m\u00f3vil para verla m\u00e1s tarde sin conexi\u00f3n.Puedes utilizar las funciones integradas del navegador. Aqu\u00ed tienes instrucciones sobre c\u00f3mo hacerlo: En el navegador Google Chrome (Android\/iOS) Abrir p\u00e1gina: Inicia Chrome y navega hasta la p\u00e1gina que quieras guardar. Men\u00fa de opciones: Pulsa los...","_links":{"self":[{"href":"https:\/\/wiki.itripcomputer.com\/es\/wp-json\/wp\/v2\/pages\/12104","targetHints":{"allow":["GET"]}}],"collection":[{"href":"https:\/\/wiki.itripcomputer.com\/es\/wp-json\/wp\/v2\/pages"}],"about":[{"href":"https:\/\/wiki.itripcomputer.com\/es\/wp-json\/wp\/v2\/types\/page"}],"author":[{"embeddable":true,"href":"https:\/\/wiki.itripcomputer.com\/es\/wp-json\/wp\/v2\/users\/6"}],"replies":[{"embeddable":true,"href":"https:\/\/wiki.itripcomputer.com\/es\/wp-json\/wp\/v2\/comments?post=12104"}],"version-history":[{"count":1,"href":"https:\/\/wiki.itripcomputer.com\/es\/wp-json\/wp\/v2\/pages\/12104\/revisions"}],"predecessor-version":[{"id":12105,"href":"https:\/\/wiki.itripcomputer.com\/es\/wp-json\/wp\/v2\/pages\/12104\/revisions\/12105"}],"wp:attachment":[{"href":"https:\/\/wiki.itripcomputer.com\/es\/wp-json\/wp\/v2\/media?parent=12104"}],"wp:term":[{"taxonomy":"category","embeddable":true,"href":"https:\/\/wiki.itripcomputer.com\/es\/wp-json\/wp\/v2\/categories?post=12104"},{"taxonomy":"post_tag","embeddable":true,"href":"https:\/\/wiki.itripcomputer.com\/es\/wp-json\/wp\/v2\/tags?post=12104"}],"curies":[{"name":"wp","href":"https:\/\/api.w.org\/{rel}","templated":true}]}}