{"id":12110,"date":"2023-12-22T12:25:55","date_gmt":"2023-12-22T12:25:55","guid":{"rendered":"https:\/\/wiki.itripcomputer.com\/speichern-der-seite-auf-mobilen-geraeten\/"},"modified":"2025-09-06T14:11:04","modified_gmt":"2025-09-06T14:11:04","slug":"speichern-der-seite-auf-mobilen-geraeten","status":"publish","type":"page","link":"https:\/\/wiki.itripcomputer.com\/de\/speichern-der-seite-auf-mobilen-geraeten\/","title":{"rendered":"Speichern der Seite auf mobilen Ger\u00e4ten"},"content":{"rendered":"\n<h2 class=\"wp-block-heading\" style=\"font-size:17px\">Die Webseite, die Sie gerade betrachten, kann auf Ihr Tablet oder Mobiltelefon heruntergeladen werden, um sie sp\u00e4ter offline zu betrachten.<br\/>Sie k\u00f6nnen die integrierten Funktionen des Browsers verwenden.<br\/><br\/>Hier finden Sie eine Anleitung dazu:<\/h2>\n\n<p><\/p>\n\n<h3 class=\"wp-block-heading has-luminous-vivid-amber-color has-text-color has-link-color has-medium-font-size wp-elements-0b9541c4cf15fc42a5c230d680c2c8fa\" style=\"font-style:normal;font-weight:600\"><strong>Im Google Chrome-Browser (Android\/iOS)<\/strong><\/h3>\n\n<p><strong>Seite \u00f6ffnen:<\/strong> Starten Sie Chrome und navigieren Sie zu der Seite, die Sie speichern m\u00f6chten.<\/p>\n\n<p><strong>Men\u00fc Optionen:<\/strong> Klicken Sie auf die drei Punkte in der oberen rechten Ecke, um das Optionsmen\u00fc zu \u00f6ffnen.<\/p>\n\n<p><strong>Offline-Seite speichern<\/strong>: W\u00e4hlen Sie &#8222;Offline-Seite speichern&#8220; oder &#8222;Seite f\u00fcr sp\u00e4ter herunterladen&#8220; (der Name der Option kann je nach Browser-Version variieren).<\/p>\n\n<p><strong>Zugriff auf gespeicherte Seiten:<\/strong> Um auf Ihre gespeicherten Seiten zuzugreifen, \u00f6ffnen Sie das Chrome-Men\u00fc und w\u00e4hlen Sie dann &#8222;Downloads&#8220;. Hier finden Sie alle Seiten, die Sie zur Offline-Ansicht gespeichert haben. <\/p>\n\n<h3 class=\"wp-block-heading has-luminous-vivid-amber-color has-text-color has-link-color has-medium-font-size wp-elements-43be6057dd43840239f4ea79fad6753a\" style=\"font-style:normal;font-weight:600\"><strong>In Safari (iOS)<\/strong><\/h3>\n\n<p><strong>Seite \u00f6ffnen:<\/strong> Starten Sie Safari und navigieren Sie zu der Seite, die Sie speichern m\u00f6chten.<\/p>\n\n<p><strong>Seite teilen:<\/strong> Klicken Sie auf das Teilen-Symbol (Rechteck mit Pfeil oben).<\/p>\n\n<p><strong>Zur Leseliste hinzuf\u00fcgen:<\/strong> W\u00e4hlen Sie &#8222;Zur Leseliste hinzuf\u00fcgen&#8220;. Safari speichert die Seite, damit Sie sie offline lesen k\u00f6nnen. <\/p>\n\n<p><strong>Zugriff auf die Leseliste:<\/strong> Um auf gespeicherte Seiten zuzugreifen, \u00f6ffnen Sie &#8222;Lesezeichen&#8220; und w\u00e4hlen Sie dann &#8222;Leseliste&#8220;.<\/p>\n\n<h3 class=\"wp-block-heading has-luminous-vivid-amber-color has-text-color has-link-color has-medium-font-size wp-elements-5eeb996a7d7a1ba068d30565b631bf8c\" style=\"font-style:normal;font-weight:600\"><strong>Im Firefox-Browser (Android\/iOS)<\/strong><\/h3>\n\n<p><strong>Seite \u00f6ffnen:<\/strong> Starten Sie Firefox und navigieren Sie zu der Seite, die Sie speichern m\u00f6chten.<\/p>\n\n<p><strong>Men\u00fc Optionen:<\/strong> Klicken Sie auf die drei Punkte in der oberen rechten Ecke, um das Optionsmen\u00fc zu \u00f6ffnen.<\/p>\n\n<p><strong>Als PDF speichern:<\/strong> W\u00e4hlen Sie &#8222;Als PDF speichern&#8220;, um die Seite als PDF-Datei zu speichern, die Sie sp\u00e4ter offline ansehen k\u00f6nnen.<\/p>\n\n<p><strong>Zugriff auf gespeicherte PDF-Dateien:<\/strong> Sie finden gespeicherte PDF-Dateien in Ihrem lokalen Download-Ordner oder in Ihrer Dateiverwaltungsanwendung.<\/p>\n\n<h2 class=\"wp-block-heading has-luminous-vivid-amber-color has-text-color has-link-color has-medium-font-size wp-elements-cb7d09b75c8d77ade5103ac29867b88f\"><strong>In den Offline-Modus wechseln<\/strong><\/h2>\n\n<p><strong>\u00dcberpr\u00fcfen Sie die Statusleiste:<\/strong> Vergewissern Sie sich, dass die Statusleiste (normalerweise oben auf dem Bildschirm) anzeigt, dass Sie offline sind. Wenn Sie online sind, gehen Sie in den Flugmodus oder schalten Sie mobile Daten und Wi-Fi aus, um offline zu gehen. <\/p>\n\n<p><strong>Seite speichern:<\/strong> Wenn Sie offline sind, \u00f6ffnen Sie Ihren Browser, navigieren Sie zu der gew\u00fcnschten Seite und speichern Sie sie f\u00fcr eine sp\u00e4tere Betrachtung, wie von Ihrem Browser (z.B. Chrome, Safari, Firefox) vorgegeben.<\/p>\n\n<p><strong>Rufen Sie die gespeicherte Seite auf: <\/strong>\u00d6ffnen Sie die gespeicherte Seite in Ihrem Browser. Die Seite sollte auch ohne Internetverbindung zug\u00e4nglich sein. <\/p>\n\n<h2 class=\"wp-block-heading has-luminous-vivid-amber-color has-text-color has-link-color has-medium-font-size wp-elements-02f8dd83724dc589c283f6a7a04ae4c5\"><strong>Zur\u00fcck zum Online-Modus<\/strong><\/h2>\n\n<p><strong>Daten\/Wi-Fi einschalten: <\/strong>Um in den Online-Modus zur\u00fcckzukehren, schalten Sie mobile Daten oder Wi-Fi wieder ein.<\/p>\n\n<p><strong>\u00dcberpr\u00fcfen Sie die Statusleiste:<\/strong> Die Statusleiste sollte anzeigen, dass die Internetverbindung wiederhergestellt wurde.<\/p>\n\n<p><strong>Seite aktualisieren: <\/strong>Sie k\u00f6nnen jetzt eine zuvor gespeicherte Seite aktualisieren, um online auf die neueste Version zuzugreifen.<\/p>\n\n<p>In dieser Anleitung erfahren Sie, wie Sie das Speichern und Browsen offline verwalten und wie Sie wieder in den Online-Modus wechseln k\u00f6nnen. Dies ist besonders n\u00fctzlich in Situationen, in denen der Internetzugang begrenzt oder instabil ist. <\/p>\n","protected":false},"excerpt":{"rendered":"<p>Die Webseite, die Sie gerade betrachten, kann auf Ihr Tablet oder Mobiltelefon heruntergeladen werden, um sie sp\u00e4ter offline zu betrachten.Sie k\u00f6nnen die integrierten Funktionen des Browsers verwenden. Hier finden Sie eine Anleitung dazu: Im Google Chrome-Browser (Android\/iOS) Seite \u00f6ffnen: Starten Sie Chrome und navigieren Sie zu der Seite, die Sie speichern m\u00f6chten. Men\u00fc Optionen: Klicken [&hellip;]<\/p>\n","protected":false},"author":6,"featured_media":0,"parent":0,"menu_order":0,"comment_status":"closed","ping_status":"closed","template":"","meta":{"_uag_custom_page_level_css":"","site-sidebar-layout":"default","site-content-layout":"","ast-site-content-layout":"default","site-content-style":"default","site-sidebar-style":"default","ast-global-header-display":"","ast-banner-title-visibility":"","ast-main-header-display":"","ast-hfb-above-header-display":"","ast-hfb-below-header-display":"","ast-hfb-mobile-header-display":"","site-post-title":"","ast-breadcrumbs-content":"","ast-featured-img":"","footer-sml-layout":"","ast-disable-related-posts":"","theme-transparent-header-meta":"","adv-header-id-meta":"","stick-header-meta":"","header-above-stick-meta":"","header-main-stick-meta":"","header-below-stick-meta":"","astra-migrate-meta-layouts":"default","ast-page-background-enabled":"default","ast-page-background-meta":{"desktop":{"background-color":"var(--ast-global-color-4)","background-image":"","background-repeat":"repeat","background-position":"center center","background-size":"auto","background-attachment":"scroll","background-type":"","background-media":"","overlay-type":"","overlay-color":"","overlay-opacity":"","overlay-gradient":""},"tablet":{"background-color":"","background-image":"","background-repeat":"repeat","background-position":"center center","background-size":"auto","background-attachment":"scroll","background-type":"","background-media":"","overlay-type":"","overlay-color":"","overlay-opacity":"","overlay-gradient":""},"mobile":{"background-color":"","background-image":"","background-repeat":"repeat","background-position":"center center","background-size":"auto","background-attachment":"scroll","background-type":"","background-media":"","overlay-type":"","overlay-color":"","overlay-opacity":"","overlay-gradient":""}},"ast-content-background-meta":{"desktop":{"background-color":"var(--ast-global-color-5)","background-image":"","background-repeat":"repeat","background-position":"center center","background-size":"auto","background-attachment":"scroll","background-type":"","background-media":"","overlay-type":"","overlay-color":"","overlay-opacity":"","overlay-gradient":""},"tablet":{"background-color":"var(--ast-global-color-5)","background-image":"","background-repeat":"repeat","background-position":"center center","background-size":"auto","background-attachment":"scroll","background-type":"","background-media":"","overlay-type":"","overlay-color":"","overlay-opacity":"","overlay-gradient":""},"mobile":{"background-color":"var(--ast-global-color-5)","background-image":"","background-repeat":"repeat","background-position":"center center","background-size":"auto","background-attachment":"scroll","background-type":"","background-media":"","overlay-type":"","overlay-color":"","overlay-opacity":"","overlay-gradient":""}},"footnotes":""},"categories":[],"tags":[],"class_list":["post-12110","page","type-page","status-publish","hentry"],"uagb_featured_image_src":{"full":false,"thumbnail":false,"medium":false,"medium_large":false,"large":false,"1536x1536":false,"2048x2048":false},"uagb_author_info":{"display_name":"admin","author_link":"https:\/\/wiki.itripcomputer.com\/de\/author\/admin\/"},"uagb_comment_info":0,"uagb_excerpt":"Die Webseite, die Sie gerade betrachten, kann auf Ihr Tablet oder Mobiltelefon heruntergeladen werden, um sie sp\u00e4ter offline zu betrachten.Sie k\u00f6nnen die integrierten Funktionen des Browsers verwenden. Hier finden Sie eine Anleitung dazu: Im Google Chrome-Browser (Android\/iOS) Seite \u00f6ffnen: Starten Sie Chrome und navigieren Sie zu der Seite, die Sie speichern m\u00f6chten. Men\u00fc Optionen: Klicken...","_links":{"self":[{"href":"https:\/\/wiki.itripcomputer.com\/de\/wp-json\/wp\/v2\/pages\/12110","targetHints":{"allow":["GET"]}}],"collection":[{"href":"https:\/\/wiki.itripcomputer.com\/de\/wp-json\/wp\/v2\/pages"}],"about":[{"href":"https:\/\/wiki.itripcomputer.com\/de\/wp-json\/wp\/v2\/types\/page"}],"author":[{"embeddable":true,"href":"https:\/\/wiki.itripcomputer.com\/de\/wp-json\/wp\/v2\/users\/6"}],"replies":[{"embeddable":true,"href":"https:\/\/wiki.itripcomputer.com\/de\/wp-json\/wp\/v2\/comments?post=12110"}],"version-history":[{"count":1,"href":"https:\/\/wiki.itripcomputer.com\/de\/wp-json\/wp\/v2\/pages\/12110\/revisions"}],"predecessor-version":[{"id":12111,"href":"https:\/\/wiki.itripcomputer.com\/de\/wp-json\/wp\/v2\/pages\/12110\/revisions\/12111"}],"wp:attachment":[{"href":"https:\/\/wiki.itripcomputer.com\/de\/wp-json\/wp\/v2\/media?parent=12110"}],"wp:term":[{"taxonomy":"category","embeddable":true,"href":"https:\/\/wiki.itripcomputer.com\/de\/wp-json\/wp\/v2\/categories?post=12110"},{"taxonomy":"post_tag","embeddable":true,"href":"https:\/\/wiki.itripcomputer.com\/de\/wp-json\/wp\/v2\/tags?post=12110"}],"curies":[{"name":"wp","href":"https:\/\/api.w.org\/{rel}","templated":true}]}}